{"id":1911,"date":"2021-09-02T08:01:21","date_gmt":"2021-09-02T13:01:21","guid":{"rendered":"http:\/\/localhost\/fundamor\/?page_id=1911"},"modified":"2023-12-05T14:10:02","modified_gmt":"2023-12-05T19:10:02","slug":"historia","status":"publish","type":"page","link":"https:\/\/fundamor.org\/backup2023\/nosotros\/historia\/","title":{"rendered":"Historia"},"content":{"rendered":"<p>[vc_row full_width=\u00bbstretch_row_content\u00bb wrap_container=\u00bbyes\u00bb][vc_column][vc_row_inner css=\u00bb.vc_custom_1701269286246{padding-top: 15px !important;}\u00bb][vc_column_inner width=\u00bb1\/2&#8243; css=\u00bb.vc_custom_1701268851816{margin-top: 20px !important;}\u00bb][vc_single_image image=\u00bb2205&#8243; img_size=\u00bbfull\u00bb alignment=\u00bbright\u00bb el_class=\u00bbm-0&#8243; css=\u00bb.vc_custom_1701268912495{padding-left: 0px !important;}\u00bb][\/vc_column_inner][vc_column_inner width=\u00bb1\/2&#8243;][vc_empty_space][vc_custom_heading text=\u00bbFUNDAMOR fundada por el Sr. Guillermo Alfonso Garrido Sardi y la Sra. Virginia Arango de Garrido\u00bb font_container=\u00bbtag:h3|font_size:24|text_align:left|color:%23002991|line_height:26px\u00bb use_theme_fonts=\u00bbyes\u00bb font_weight=\u00bb400&#8243; letter_spacing=\u00bb0&#8243; el_class=\u00bbzigzag white right\u00bb css=\u00bb.vc_custom_1701268949807{margin-bottom: 20px !important;padding-top: 80px !important;padding-right: 0px !important;}\u00bb][vc_custom_heading text=\u00bbinici\u00f3 sus labores en diciembre de 1992 con el prop\u00f3sito de brindar apoyo y acompa\u00f1amiento a poblaci\u00f3n adulta afectada por el VIH\/Sida; sin embargo, pronto apareci\u00f3 una poblaci\u00f3n de ni\u00f1as y ni\u00f1os que nacieron con el virus\u00bb font_container=\u00bbtag:h3|font_size:16|text_align:left|color:%230066bf|line_height:1.31&#8243; use_theme_fonts=\u00bbyes\u00bb font_weight=\u00bb600&#8243; letter_spacing=\u00bb-0.05em\u00bb css=\u00bb.vc_custom_1701268940563{margin-bottom: 0px !important;padding-right: 0px !important;}\u00bb][\/vc_column_inner][\/vc_row_inner][vc_row_inner css=\u00bb.vc_custom_1674606398079{padding-top: 15px !important;}\u00bb][vc_column_inner width=\u00bb1\/2&#8243; css=\u00bb.vc_custom_1701268851816{margin-top: 20px !important;}\u00bb][vc_custom_heading text=\u00bbEn este escenario, FUNDAMOR comienza la configuraci\u00f3n de un modelo de atenci\u00f3n adecuado a las caracter\u00edsticas y necesidades de las ni\u00f1as y ni\u00f1os, desarrollando programas y servicios de atenci\u00f3n primaria en salud, atenci\u00f3n educativa y desarrollo humano que r\u00e1pidamente superaron la expectativa de vida esperada para un ni\u00f1o afectado por VIH para la \u00e9poca, trascendiendo del acompa\u00f1amiento a un \u201cbuen morir\u201d con la poblaci\u00f3n adulta, a la \u201cconstrucci\u00f3n de proyectos de vida integral\u201d con la poblaci\u00f3n infantil.\u00bb font_container=\u00bbtag:p|font_size:16|text_align:justify\u00bb use_theme_fonts=\u00bbyes\u00bb letter_spacing=\u00bb0&#8243; animation_delay=\u00bb600&#8243; el_class=\u00bbcustom-font1 mb-4&#8243; animation_type=\u00bbfadeInLeft\u00bb css=\u00bb.vc_custom_1701268864844{padding-top: 80px !important;padding-right: 0px !important;padding-bottom: 0px !important;padding-left: 0px !important;}\u00bb][\/vc_column_inner][vc_column_inner width=\u00bb1\/2&#8243;][vc_empty_space][vc_single_image image=\u00bb2508&#8243; img_size=\u00bbfull\u00bb css=\u00bb.vc_custom_1701268792389{margin-bottom: 0px !important;padding-top: 0px !important;padding-right: 0px !important;padding-bottom: 0px !important;}\u00bb][\/vc_column_inner][\/vc_row_inner][vc_custom_heading text=\u00bbTras incursionar en un tema relativamente desconocido para la \u00e9poca, tal como lo era la atenci\u00f3n a poblaci\u00f3n infantil afectada por el VIH y al comenzar a comparar los logros de la Fundaci\u00f3n con respecto a la situaci\u00f3n mundial, FUNDAMOR comprendi\u00f3 que el esfuerzo en la integralidad de su trabajo comenzaba a dar sus frutos no solo a nivel del estado de salud, sino tambi\u00e9n en t\u00e9rminos de la calidad de vida de la poblaci\u00f3n atendida.\u00bb font_container=\u00bbtag:p|font_size:16|text_align:justify\u00bb use_theme_fonts=\u00bbyes\u00bb letter_spacing=\u00bb0&#8243; animation_delay=\u00bb600&#8243; el_class=\u00bbmb-0&#8243; animation_type=\u00bbfadeInLeft\u00bb css=\u00bb.vc_custom_1630587733140{padding-top: 15px !important;}\u00bb][vc_row_inner css=\u00bb.vc_custom_1674606398079{padding-top: 15px !important;}\u00bb][vc_column_inner width=\u00bb1\/2&#8243;][vc_video link=\u00bbhttps:\/\/www.youtube.com\/watch?v=scX_PZxL5h0&#8243; align=\u00bbcenter\u00bb][\/vc_column_inner][vc_column_inner width=\u00bb1\/2&#8243;][vc_empty_space][vc_custom_heading text=\u00bbLuego de varios a\u00f1os de trabajo y reflexiones pedag\u00f3gicas FUNDAMOR construye su propio Proyecto Educativo Institucional PEI y es as\u00ed c\u00f3mo en 2007 abre las puertas del Preescolar Terap\u00e9utico \u201cSemillas de Amor\u201d, reconocido en 2012 como el \u201cMejor Centro de Desarrollo Infantil Temprano\u201d de Am\u00e9rica Latina y el Caribe por el Banco Interamericano de Desarrollo y la Fundaci\u00f3n Alas en el marco de la VI Cumbre de las Am\u00e9ricas en la ciudad de Cartagena.\u00bb font_container=\u00bbtag:p|font_size:16|text_align:justify\u00bb use_theme_fonts=\u00bbyes\u00bb letter_spacing=\u00bb0&#8243; animation_delay=\u00bb600&#8243; el_class=\u00bbmb-0&#8243; animation_type=\u00bbfadeInLeft\u00bb css=\u00bb.vc_custom_1630587756645{padding-top: 15px !important;}\u00bb][\/vc_column_inner][\/vc_row_inner][vc_custom_heading text=\u00bbMotivada a compartir su experiencia y aprendizajes para seguir proyect\u00e1ndolos y ponerlos al servicio de la comunidad, FUNDAMOR decidi\u00f3 orientar sus esfuerzos hacia la apertura de un Centro de Desarrollo Infantil en el marco de la pol\u00edtica nacional de atenci\u00f3n a la primera infancia del Estado Colombiano; configurando una propuesta que adem\u00e1s de integrar los componentes del desarrollo f\u00edsico y la salud, involucra los aspectos fundamentales para el desarrollo cognitivo y psicosocial, sin dejar de lado la protecci\u00f3n y los cuidados que se requieren durante la primera infancia.\u00bb font_container=\u00bbtag:p|font_size:16|text_align:justify\u00bb use_theme_fonts=\u00bbyes\u00bb letter_spacing=\u00bb0&#8243; animation_delay=\u00bb600&#8243; el_class=\u00bbmb-0&#8243; animation_type=\u00bbfadeInLeft\u00bb css=\u00bb.vc_custom_1630587779283{padding-top: 25px !important;}\u00bb][vc_custom_heading text=\u00bbFUNDAMOR abri\u00f3 sus puertas de a m\u00e1s de 160 ni\u00f1as y ni\u00f1os externos en situaci\u00f3n de vulnerabilidad de la ciudad de Cali, v\u00edctimas del conflicto y vinculados a los programas de intervenci\u00f3n social del Estado a trav\u00e9s del Instituto Colombiano de Bienestar Familiar en un ejercicio de inclusi\u00f3n social, en el que de manera voluntaria y consentida, diversidad de familias decidieron vincular a sus hijos a una instituci\u00f3n educativa abiertamente identificada por su trabajo en torno al VIH, constituy\u00e9ndose tal vez, en la primera experiencia de inclusi\u00f3n social y escolar inversa, donde el VIH no se percibe c\u00f3mo una amenaza o un motivo de exclusi\u00f3n y\/o discriminaci\u00f3n, dado que el valor se le otorga a un proceso educativo de calidad y bien orientado, donde \u00e9l VIH se asume desde una perspectiva de derechos e igualdad de oportunidades.\u00bb font_container=\u00bbtag:p|font_size:16|text_align:justify\u00bb use_theme_fonts=\u00bbyes\u00bb letter_spacing=\u00bb0&#8243; animation_delay=\u00bb600&#8243; el_class=\u00bbmb-0&#8243; animation_type=\u00bbfadeInLeft\u00bb css=\u00bb.vc_custom_1630587792507{padding-top: 25px !important;}\u00bb][vc_row_inner css=\u00bb.vc_custom_1674606398079{padding-top: 15px !important;}\u00bb][vc_column_inner width=\u00bb1\/2&#8243; css=\u00bb.vc_custom_1701359340986{margin-top: 20px !important;padding-bottom: 50px !important;}\u00bb][vc_single_image image=\u00bb2829&#8243; img_size=\u00bbfull\u00bb css=\u00bb.vc_custom_1701359438466{margin-bottom: 0px !important;padding-top: 0px !important;padding-right: 0px !important;padding-bottom: 0px !important;}\u00bb label=\u00bb\u00bb][\/vc_column_inner][vc_column_inner width=\u00bb1\/2&#8243;][vc_empty_space][vc_single_image image=\u00bb2830&#8243; img_size=\u00bbfull\u00bb css=\u00bb.vc_custom_1701359423741{margin-bottom: 0px !important;padding-top: 0px !important;padding-right: 0px !important;padding-bottom: 0px !important;}\u00bb label=\u00bb\u00bb][\/vc_column_inner][\/vc_row_inner][\/vc_column][\/vc_row]<\/p>\n","protected":false},"excerpt":{"rendered":"<p>[vc_row full_width=\u00bbstretch_row_content\u00bb wrap_container=\u00bbyes\u00bb][vc_column][vc_row_inner css=\u00bb.vc_custom_1701269286246{padding-top: 15px !important;}\u00bb][vc_column_inner width=\u00bb1\/2&#8243; css=\u00bb.vc_custom_1701268851816{margin-top: 20px !important;}\u00bb][vc_single_image image=\u00bb2205&#8243; img_size=\u00bbfull\u00bb alignment=\u00bbright\u00bb el_class=\u00bbm-0&#8243; css=\u00bb.vc_custom_1701268912495{padding-left: 0px !important;}\u00bb][\/vc_column_inner][vc_column_inner width=\u00bb1\/2&#8243;][vc_empty_space][vc_custom_heading text=\u00bbFUNDAMOR fundada por el Sr. Guillermo Alfonso Garrido Sardi y la Sra. Virginia Arango de Garrido\u00bb font_container=\u00bbtag:h3|font_size:24|text_align:left|color:%23002991|line_height:26px\u00bb use_theme_fonts=\u00bbyes\u00bb font_weight=\u00bb400&#8243; letter_spacing=\u00bb0&#8243; el_class=\u00bbzigzag white right\u00bb css=\u00bb.vc_custom_1701268949807{margin-bottom: 20px !important;padding-top: 80px !important;padding-right: 0px !important;}\u00bb][vc_custom_heading text=\u00bbinici\u00f3 sus labores en diciembre de 1992 [&hellip;]<\/p>\n","protected":false},"author":1,"featured_media":0,"parent":1905,"menu_order":0,"comment_status":"closed","ping_status":"closed","template":"","meta":{"_joinchat":[],"footnotes":""},"yst_prominent_words":[],"class_list":["post-1911","page","type-page","status-publish","hentry"],"_links":{"self":[{"href":"https:\/\/fundamor.org\/backup2023\/wp-json\/wp\/v2\/pages\/1911","targetHints":{"allow":["GET"]}}],"collection":[{"href":"https:\/\/fundamor.org\/backup2023\/wp-json\/wp\/v2\/pages"}],"about":[{"href":"https:\/\/fundamor.org\/backup2023\/wp-json\/wp\/v2\/types\/page"}],"author":[{"embeddable":true,"href":"https:\/\/fundamor.org\/backup2023\/wp-json\/wp\/v2\/users\/1"}],"replies":[{"embeddable":true,"href":"https:\/\/fundamor.org\/backup2023\/wp-json\/wp\/v2\/comments?post=1911"}],"version-history":[{"count":30,"href":"https:\/\/fundamor.org\/backup2023\/wp-json\/wp\/v2\/pages\/1911\/revisions"}],"predecessor-version":[{"id":2852,"href":"https:\/\/fundamor.org\/backup2023\/wp-json\/wp\/v2\/pages\/1911\/revisions\/2852"}],"up":[{"embeddable":true,"href":"https:\/\/fundamor.org\/backup2023\/wp-json\/wp\/v2\/pages\/1905"}],"wp:attachment":[{"href":"https:\/\/fundamor.org\/backup2023\/wp-json\/wp\/v2\/media?parent=1911"}],"wp:term":[{"taxonomy":"yst_prominent_words","embeddable":true,"href":"https:\/\/fundamor.org\/backup2023\/wp-json\/wp\/v2\/yst_prominent_words?post=1911"}],"curies":[{"name":"wp","href":"https:\/\/api.w.org\/{rel}","templated":true}]}}