{"id":1947,"date":"2021-09-02T09:42:30","date_gmt":"2021-09-02T14:42:30","guid":{"rendered":"http:\/\/localhost\/fundamor\/?page_id=1947"},"modified":"2023-11-22T09:39:51","modified_gmt":"2023-11-22T14:39:51","slug":"lo-veo-claro","status":"publish","type":"page","link":"https:\/\/fundamor.org\/backup2023\/lo-veo-claro\/","title":{"rendered":"Lo Veo Claro"},"content":{"rendered":"<p>[vc_row full_width=\u00bbstretch_row_content\u00bb wrap_container=\u00bbyes\u00bb][vc_column][vc_single_image image=\u00bb2388&#8243; img_size=\u00bbfull\u00bb alignment=\u00bbcenter\u00bb animation_type=\u00bbbounceInLeft\u00bb][vc_custom_heading text=\u00bbSensibilizaci\u00f3n y Prevenci\u00f3n\u00bb font_container=\u00bbtag:h2|font_size:34|text_align:center\u00bb use_theme_fonts=\u00bbyes\u00bb font_weight=\u00bb700&#8243; animation_type=\u00bbbounceInLeft\u00bb][vc_column_text css_animation=\u00bbfadeInLeft\u00bb css=\u00bb.vc_custom_1674613501639{padding-top: 15px !important;}\u00bb]<\/p>\n<p style=\"text-align: justify;\"><span style=\"font-size: 16px;\"><iframe loading=\"lazy\" class=\"alignleft\" title=\"YouTube video player\" src=\"https:\/\/www.youtube.com\/embed\/3xNkJrnOcwU\" width=\"560\" height=\"315\" frameborder=\"0\" allowfullscreen=\"allowfullscreen\"><\/iframe>Inicialmente, el programa de Prevenci\u00f3n se crea con el objetivo de orientar y capacitar a la comunidad en la tem\u00e1tica del VIH\/SIDA e Infecciones de Transmisi\u00f3n Sexual con la finalidad de familiarizarlos con esta problem\u00e1tica, en pro de la adopci\u00f3n de comportamientos y pr\u00e1cticas sexuales responsables. El Programa comienza con adolescentes y j\u00f3venes estudiantes de los colegios p\u00fablicos y privados de la regi\u00f3n, incluyendo adem\u00e1s empleados de empresas, estudiantes universitarios y comunidad en general. En 2003 y como parte de la b\u00fasqueda continua de estrategias de auto sostenibilidad, FUNDAMOR crea la campa\u00f1a del D\u00eda de la Galletica, logrando una importante articulaci\u00f3n con la oferta de talleres de Prevenci\u00f3n y Sensibilizaci\u00f3n dirigidos a los colegios que se comienzan a vincular a la campa\u00f1a. FUNDAMOR comienza entonces a especializarse en el trabajo con adolescentes y j\u00f3venes de bachillerato de la ciudad, transformando su enfoque de la prevenci\u00f3n de factores de riesgo, hacia la oportunidad de que los j\u00f3venes comenzaran a reflexionar acerca de la importancia de percibirse como sujetos de riesgo, donde la oportunidad de elegir su proyecto de vida, depende exclusivamente de su comportamiento y su autocuidado.<\/span><\/p>\n<p style=\"text-align: left;\"><span style=\"font-size: 16px;\">En 2009 FUNDAMOR dise\u00f1a la metodolog\u00eda de dise\u00f1o de estrategias audiovisuales de prevenci\u00f3n del VIH\/SIDA e infecciones de transmisi\u00f3n sexual: \u201cLo Veo Claro\u201d logrando en sus versiones de 2011 en la ciudad de Cali, 2013 en Santander de Quilichao y 2014 en Buenos Aires y Su\u00e1rez Cauca, cerca de 35 videos de prevenci\u00f3n producidos por estudiantes de bachillerato de m\u00e1s de 32 instituciones educativas.<\/span><\/p>\n<p>[\/vc_column_text][\/vc_column][\/vc_row][vc_row full_width=\u00bbstretch_row_content\u00bb wrap_container=\u00bbyes\u00bb][vc_column][\/vc_column][\/vc_row]<\/p>\n","protected":false},"excerpt":{"rendered":"<p>[vc_row full_width=\u00bbstretch_row_content\u00bb wrap_container=\u00bbyes\u00bb][vc_column][vc_single_image image=\u00bb2388&#8243; img_size=\u00bbfull\u00bb alignment=\u00bbcenter\u00bb animation_type=\u00bbbounceInLeft\u00bb][vc_custom_heading text=\u00bbSensibilizaci\u00f3n y Prevenci\u00f3n\u00bb font_container=\u00bbtag:h2|font_size:34|text_align:center\u00bb use_theme_fonts=\u00bbyes\u00bb font_weight=\u00bb700&#8243; animation_type=\u00bbbounceInLeft\u00bb][vc_column_text css_animation=\u00bbfadeInLeft\u00bb css=\u00bb.vc_custom_1674613501639{padding-top: 15px !important;}\u00bb] Inicialmente, el programa de Prevenci\u00f3n se crea con el objetivo de orientar y capacitar a la comunidad en la tem\u00e1tica del VIH\/SIDA e Infecciones de Transmisi\u00f3n Sexual con la finalidad de familiarizarlos con esta problem\u00e1tica, en pro [&hellip;]<\/p>\n","protected":false},"author":1,"featured_media":0,"parent":0,"menu_order":0,"comment_status":"closed","ping_status":"closed","template":"","meta":{"_joinchat":[],"footnotes":""},"yst_prominent_words":[],"class_list":["post-1947","page","type-page","status-publish","hentry"],"_links":{"self":[{"href":"https:\/\/fundamor.org\/backup2023\/wp-json\/wp\/v2\/pages\/1947","targetHints":{"allow":["GET"]}}],"collection":[{"href":"https:\/\/fundamor.org\/backup2023\/wp-json\/wp\/v2\/pages"}],"about":[{"href":"https:\/\/fundamor.org\/backup2023\/wp-json\/wp\/v2\/types\/page"}],"author":[{"embeddable":true,"href":"https:\/\/fundamor.org\/backup2023\/wp-json\/wp\/v2\/users\/1"}],"replies":[{"embeddable":true,"href":"https:\/\/fundamor.org\/backup2023\/wp-json\/wp\/v2\/comments?post=1947"}],"version-history":[{"count":11,"href":"https:\/\/fundamor.org\/backup2023\/wp-json\/wp\/v2\/pages\/1947\/revisions"}],"predecessor-version":[{"id":2380,"href":"https:\/\/fundamor.org\/backup2023\/wp-json\/wp\/v2\/pages\/1947\/revisions\/2380"}],"wp:attachment":[{"href":"https:\/\/fundamor.org\/backup2023\/wp-json\/wp\/v2\/media?parent=1947"}],"wp:term":[{"taxonomy":"yst_prominent_words","embeddable":true,"href":"https:\/\/fundamor.org\/backup2023\/wp-json\/wp\/v2\/yst_prominent_words?post=1947"}],"curies":[{"name":"wp","href":"https:\/\/api.w.org\/{rel}","templated":true}]}}