{"id":1979,"date":"2021-09-02T13:02:49","date_gmt":"2021-09-02T18:02:49","guid":{"rendered":"http:\/\/localhost\/fundamor\/?page_id=1979"},"modified":"2021-09-02T13:39:05","modified_gmt":"2021-09-02T18:39:05","slug":"eventos","status":"publish","type":"page","link":"https:\/\/fundamor.org\/backup2023\/eventos\/","title":{"rendered":"EVENTOS"},"content":{"rendered":"<p>[vc_row content_placement=\u00bbmiddle\u00bb wrap_container=\u00bbyes\u00bb el_class=\u00bbservices-clients mb-5&#8243;][vc_column][vc_column_text]<\/p>\n<p style=\"text-align: justify;\"><span style=\"font-size: 16px;\">Cada a\u00f1o FUNDAMOR desarrolla una serie de eventos que nos permiten recaudar fondos, para continuar con los programas que benefician a las ni\u00f1as, ni\u00f1os y adolescentes en estado de vulnerabilidad.<\/span><\/p>\n<p style=\"text-align: justify;\"><span style=\"font-size: 16px;\">Con\u00f3celos!<\/span><\/p>\n<p style=\"text-align: justify;\"><span style=\"font-size: 16px;\"><strong>Informes<\/strong>:<\/span><\/p>\n<p style=\"text-align: justify;\"><span style=\"font-size: 16px;\"><strong>Tels<\/strong>: 5557685 \u2013 5557616<\/span><\/p>\n<p style=\"text-align: justify;\"><span style=\"font-size: 16px;\"><strong>Correo<\/strong>: mercadeo@fundamor.org \u2013 eventos@fundamor.org<\/span><\/p>\n<p>[\/vc_column_text][vc_row_inner][vc_column_inner width=\u00bb1\/3&#8243;][vc_single_image image=\u00bb1980&#8243; img_size=\u00bbfull\u00bb alignment=\u00bbcenter\u00bb el_class=\u00bbmb-5&#8243;][\/vc_column_inner][vc_column_inner width=\u00bb1\/3&#8243;][vc_single_image image=\u00bb1982&#8243; img_size=\u00bbfull\u00bb alignment=\u00bbcenter\u00bb el_class=\u00bbmb-5&#8243;][\/vc_column_inner][vc_column_inner width=\u00bb1\/3&#8243;][vc_single_image image=\u00bb1981&#8243; img_size=\u00bbfull\u00bb alignment=\u00bbcenter\u00bb el_class=\u00bbmb-5&#8243;][\/vc_column_inner][\/vc_row_inner][vc_row_inner][vc_column_inner width=\u00bb1\/3&#8243;][vc_single_image image=\u00bb1984&#8243; img_size=\u00bbfull\u00bb alignment=\u00bbcenter\u00bb el_class=\u00bbmb-5&#8243;][\/vc_column_inner][vc_column_inner width=\u00bb1\/3&#8243;][vc_single_image image=\u00bb1983&#8243; img_size=\u00bbfull\u00bb alignment=\u00bbcenter\u00bb el_class=\u00bbmb-5&#8243;][\/vc_column_inner][vc_column_inner width=\u00bb1\/3&#8243;][\/vc_column_inner][\/vc_row_inner][\/vc_column][\/vc_row]<\/p>\n","protected":false},"excerpt":{"rendered":"<p>[vc_row content_placement=\u00bbmiddle\u00bb wrap_container=\u00bbyes\u00bb el_class=\u00bbservices-clients mb-5&#8243;][vc_column][vc_column_text] Cada a\u00f1o FUNDAMOR desarrolla una serie de eventos que nos permiten recaudar fondos, para continuar con los programas que benefician a las ni\u00f1as, ni\u00f1os y adolescentes en estado de vulnerabilidad. Con\u00f3celos! Informes: Tels: 5557685 \u2013 5557616 Correo: mercadeo@fundamor.org \u2013 eventos@fundamor.org [\/vc_column_text][vc_row_inner][vc_column_inner width=\u00bb1\/3&#8243;][vc_single_image image=\u00bb1980&#8243; img_size=\u00bbfull\u00bb alignment=\u00bbcenter\u00bb el_class=\u00bbmb-5&#8243;][\/vc_column_inner][vc_column_inner width=\u00bb1\/3&#8243;][vc_single_image image=\u00bb1982&#8243; img_size=\u00bbfull\u00bb alignment=\u00bbcenter\u00bb [&hellip;]<\/p>\n","protected":false},"author":1,"featured_media":0,"parent":0,"menu_order":0,"comment_status":"closed","ping_status":"closed","template":"","meta":{"_joinchat":[],"footnotes":""},"yst_prominent_words":[],"class_list":["post-1979","page","type-page","status-publish","hentry"],"_links":{"self":[{"href":"https:\/\/fundamor.org\/backup2023\/wp-json\/wp\/v2\/pages\/1979","targetHints":{"allow":["GET"]}}],"collection":[{"href":"https:\/\/fundamor.org\/backup2023\/wp-json\/wp\/v2\/pages"}],"about":[{"href":"https:\/\/fundamor.org\/backup2023\/wp-json\/wp\/v2\/types\/page"}],"author":[{"embeddable":true,"href":"https:\/\/fundamor.org\/backup2023\/wp-json\/wp\/v2\/users\/1"}],"replies":[{"embeddable":true,"href":"https:\/\/fundamor.org\/backup2023\/wp-json\/wp\/v2\/comments?post=1979"}],"version-history":[{"count":3,"href":"https:\/\/fundamor.org\/backup2023\/wp-json\/wp\/v2\/pages\/1979\/revisions"}],"predecessor-version":[{"id":1988,"href":"https:\/\/fundamor.org\/backup2023\/wp-json\/wp\/v2\/pages\/1979\/revisions\/1988"}],"wp:attachment":[{"href":"https:\/\/fundamor.org\/backup2023\/wp-json\/wp\/v2\/media?parent=1979"}],"wp:term":[{"taxonomy":"yst_prominent_words","embeddable":true,"href":"https:\/\/fundamor.org\/backup2023\/wp-json\/wp\/v2\/yst_prominent_words?post=1979"}],"curies":[{"name":"wp","href":"https:\/\/api.w.org\/{rel}","templated":true}]}}