{"id":3506,"date":"2025-12-12T20:34:40","date_gmt":"2025-12-12T20:34:40","guid":{"rendered":"https:\/\/fundamor.org\/?page_id=3506"},"modified":"2025-12-12T20:37:29","modified_gmt":"2025-12-12T20:37:29","slug":"politica-de-tratamiento-de-datos-personales-de-fundamor","status":"publish","type":"page","link":"https:\/\/fundamor.org\/en\/politica-de-tratamiento-de-datos-personales-de-fundamor\/","title":{"rendered":"POL\u00cdTICA DE TRATAMIENTO DE DATOS PERSONALES DE FUNDAMOR"},"content":{"rendered":"<div data-elementor-type=\"wp-page\" data-elementor-id=\"3506\" class=\"elementor elementor-3506\" data-elementor-post-type=\"page\">\n\t\t\t\t<div class=\"elementor-element elementor-element-207acd6 e-flex e-con-boxed e-con e-parent\" data-id=\"207acd6\" data-element_type=\"container\" data-settings=\"{&quot;ekit_has_onepagescroll_dot&quot;:&quot;yes&quot;}\">\n\t\t\t\t\t<div class=\"e-con-inner\">\n\t\t\t\t<div class=\"elementor-element elementor-element-d395187 elementor-widget elementor-widget-text-editor\" data-id=\"d395187\" data-element_type=\"widget\" data-settings=\"{&quot;ekit_we_effect_on&quot;:&quot;none&quot;}\" data-widget_type=\"text-editor.default\">\n\t\t\t\t<div class=\"elementor-widget-container\">\n\t\t\t\t\t\t\t\t\t<p>\u00a0<\/p><ol><li><strong> IDENTIFICACI\u00d3N DEL RESPONSABLE DEL TRATAMIENTO DE DATOS<\/strong><\/li><\/ol><ul><li><strong>Raz\u00f3n Social:<\/strong> FUNDACI\u00d3N DAR AMOR &#8211; FUNDAMOR<\/li><li><strong>NIT:<\/strong> 800181165-4<\/li><li><strong>Domicilio:<\/strong> CR 5 2 01. Cali, Valle del Cauca, Colombia<\/li><li><strong>Correo Electr\u00f3nico:<\/strong> dir@fundamor.org<\/li><\/ul><ul><li><strong>Phone:<\/strong> (602) 3707099, +573177761960, +573164326485, +573172926059<\/li><\/ul><ol start=\"2\"><li><strong> MARCO LEGAL<\/strong><\/li><\/ol><p>Esta Pol\u00edtica se rige por lo dispuesto en la Ley 1581 de 2012 (Ley General de Protecci\u00f3n de Datos Personales), el Decreto 1377 de 2013 (reglamentario) y dem\u00e1s normas que las modifiquen, adicionen o complementen.<\/p><ol start=\"3\"><li><strong> \u00c1MBITO DE APLICACI\u00d3N<\/strong><\/li><\/ol><p>Aplica al tratamiento de los datos personales recolectados, almacenados, usados, circulados y suprimidos por FUNDAMOR, en desarrollo de su objeto social, en el territorio colombiano.<\/p><ol start=\"4\"><li><strong> FINALIDAD DEL TRATAMIENTO DE DATOS PERSONALES<\/strong><\/li><\/ol><p>FUNDAMOR recolecta y trata los datos personales con las siguientes finalidades:<\/p><ul><li><strong>Donantes y Padrinos:<\/strong> Gestionar la relaci\u00f3n de donaci\u00f3n\/padrinazgo, enviar comprobantes de donaci\u00f3n, reportar el uso de los fondos, y realizar la gesti\u00f3n contable y fiscal requerida por la ley.<\/li><li><strong>Voluntarios, Beneficiarios y Familias:<\/strong> Desarrollar las actividades propias de la fundaci\u00f3n (programas \u201cDejando Huellas\u201d y \u201cEscuela de Paz\u201d), gestionar la participaci\u00f3n en eventos y proyectos sociales, y cumplir con los requisitos de reportes ante entidades de control y cooperaci\u00f3n.<\/li><li><strong>Marketing y Comunicaci\u00f3n:<\/strong> Enviar informaci\u00f3n sobre el impacto de la fundaci\u00f3n, eventos, campa\u00f1as de recolecci\u00f3n de fondos, y noticias relacionadas con la misi\u00f3n de FUNDAMOR, previa autorizaci\u00f3n expresa.<\/li><li><strong>Cumplimiento Legal:<\/strong> Atender requerimientos de entidades judiciales, administrativas o de control, y cumplir con obligaciones legales en materia tributaria, laboral o de seguridad social.<\/li><\/ul><ol start=\"5\"><li><strong> DERECHOS DEL TITULAR DE LOS DATOS<\/strong><\/li><\/ol><p>El Titular de los datos personales tendr\u00e1 derecho a:<\/p><ul><li><strong>Acceder<\/strong> de forma gratuita a sus datos personales.<\/li><li><strong>Conocer, actualizar y rectificar<\/strong> sus datos inexactos o incompletos.<\/li><li><strong>Revocar<\/strong> la autorizaci\u00f3n y\/o solicitar la supresi\u00f3n del dato cuando no exista un deber legal o contractual que impida eliminarlo.<\/li><li><strong>Solicitar prueba<\/strong> de la autorizaci\u00f3n otorgada.<\/li><li><strong>Presentar quejas<\/strong> ante la Superintendencia de Industria y Comercio (SIC) por infracciones a la ley.<\/li><\/ul><ol start=\"6\"><li><strong> PROCEDIMIENTO PARA EL EJERCICIO DE DERECHOS<\/strong><\/li><\/ol><p>Los Titulares podr\u00e1n ejercer sus derechos dirigiendo una solicitud al correo electr\u00f3nico [INSERTAR CORREO DE CONTACTO PTDP] o a la direcci\u00f3n f\u00edsica de FUNDAMOR, indicando claramente el derecho que desea ejercer y adjuntando una copia de su documento de identidad. FUNDAMOR responder\u00e1 en los t\u00e9rminos establecidos por la Ley 1581 de 2012.<\/p><ol start=\"7\"><li><strong> VIGENCIA<\/strong><\/li><\/ol><p>La presente Pol\u00edtica rige a partir de su publicaci\u00f3n el 1 de diciembre de 2025. Los datos personales ser\u00e1n tratados durante el tiempo que sea necesario para cumplir con las finalidades descritas y las obligaciones legales.<\/p><p>\u00a0<\/p><p>\u00a0<\/p>\t\t\t\t\t\t\t\t<\/div>\n\t\t\t\t<\/div>\n\t\t\t\t\t<\/div>\n\t\t\t\t<\/div>\n\t\t\t\t<\/div>","protected":false},"excerpt":{"rendered":"<p>\u00a0 IDENTIFICACI\u00d3N DEL RESPONSABLE DEL TRATAMIENTO DE DATOS Raz\u00f3n Social: FUNDACI\u00d3N DAR AMOR &#8211; FUNDAMOR NIT: 800181165-4 Domicilio: CR 5 2 01. Cali, Valle del Cauca, Colombia Correo Electr\u00f3nico: dir@fundamor.org Tel\u00e9fono: (602) 3707099, +573177761960, +573164326485, +573172926059 MARCO LEGAL Esta Pol\u00edtica se rige por lo dispuesto en la Ley 1581 de 2012 (Ley General de Protecci\u00f3n [&hellip;]<\/p>","protected":false},"author":1,"featured_media":0,"parent":0,"menu_order":0,"comment_status":"closed","ping_status":"closed","template":"","meta":{"footnotes":""},"class_list":["post-3506","page","type-page","status-publish","hentry"],"_links":{"self":[{"href":"https:\/\/fundamor.org\/en\/wp-json\/wp\/v2\/pages\/3506","targetHints":{"allow":["GET"]}}],"collection":[{"href":"https:\/\/fundamor.org\/en\/wp-json\/wp\/v2\/pages"}],"about":[{"href":"https:\/\/fundamor.org\/en\/wp-json\/wp\/v2\/types\/page"}],"author":[{"embeddable":true,"href":"https:\/\/fundamor.org\/en\/wp-json\/wp\/v2\/users\/1"}],"replies":[{"embeddable":true,"href":"https:\/\/fundamor.org\/en\/wp-json\/wp\/v2\/comments?post=3506"}],"version-history":[{"count":4,"href":"https:\/\/fundamor.org\/en\/wp-json\/wp\/v2\/pages\/3506\/revisions"}],"predecessor-version":[{"id":3510,"href":"https:\/\/fundamor.org\/en\/wp-json\/wp\/v2\/pages\/3506\/revisions\/3510"}],"wp:attachment":[{"href":"https:\/\/fundamor.org\/en\/wp-json\/wp\/v2\/media?parent=3506"}],"curies":[{"name":"wp","href":"https:\/\/api.w.org\/{rel}","templated":true}]}}